{"id":16071,"date":"2024-07-22T20:59:41","date_gmt":"2024-07-22T18:59:41","guid":{"rendered":"https:\/\/srv66138.seohost.com.pl\/mtg\/?page_id=16071"},"modified":"2025-01-06T18:52:44","modified_gmt":"2025-01-06T17:52:44","slug":"koncerty-festiwale","status":"publish","type":"page","link":"https:\/\/morethangood.pl\/wordpress\/uslugi\/koncerty-festiwale\/","title":{"rendered":"Koncerty i festiwale"},"content":{"rendered":"\t\t<div data-elementor-type=\"wp-page\" data-elementor-id=\"16071\" class=\"elementor elementor-16071\">\n\t\t\t\t<div class=\"elementor-element elementor-element-55759d6 e-flex e-con-boxed e-con e-parent\" data-id=\"55759d6\" data-element_type=\"container\" data-settings=\"{&quot;wcf_enable_cursor_hover_effect_text&quot;:&quot;View&quot;,&quot;background_background&quot;:&quot;classic&quot;,&quot;wcf-animation&quot;:&quot;none&quot;,&quot;wcf_pin_breakpoint&quot;:&quot;mobile&quot;}\">\n\t\t\t\t\t<div class=\"e-con-inner\">\n\t\t<div class=\"elementor-element elementor-element-4eaf5b3 e-con-full e-flex e-con e-child\" data-id=\"4eaf5b3\" data-element_type=\"container\" data-settings=\"{&quot;wcf_enable_cursor_hover_effect_text&quot;:&quot;View&quot;,&quot;wcf-animation&quot;:&quot;none&quot;,&quot;wcf_pin_breakpoint&quot;:&quot;mobile&quot;}\">\n\t\t<div class=\"elementor-element elementor-element-34b8668 e-con-full e-flex e-con e-child\" data-id=\"34b8668\" data-element_type=\"container\" data-settings=\"{&quot;wcf_enable_cursor_hover_effect_text&quot;:&quot;View&quot;,&quot;wcf-animation&quot;:&quot;none&quot;,&quot;wcf_pin_breakpoint&quot;:&quot;mobile&quot;}\">\n\t\t\t\t<div class=\"elementor-element elementor-element-5938744 elementor-widget-laptop__width-initial elementor-widget-tablet_extra__width-initial elementor-widget-mobile_extra__width-inherit wcf-t-animation-none elementor-widget elementor-widget-heading\" data-id=\"5938744\" data-element_type=\"widget\" data-settings=\"{&quot;fade-from&quot;:&quot;bottom&quot;,&quot;ease&quot;:&quot;sine&quot;,&quot;wcf-animation&quot;:&quot;fade&quot;,&quot;delay&quot;:0.25,&quot;data-duration&quot;:0.75,&quot;fade-offset&quot;:40,&quot;wcf_text_animation&quot;:&quot;none&quot;}\" data-widget_type=\"heading.default\">\n\t\t\t\t<div class=\"elementor-widget-container\">\n\t\t\t\t\t<h1 class=\"elementor-heading-title elementor-size-default\">Koncerty i festiwale<\/h1>\t\t\t\t<\/div>\n\t\t\t\t<\/div>\n\t\t\t\t<\/div>\n\t\t<div class=\"elementor-element elementor-element-f297513 e-con-full e-flex e-con e-child\" data-id=\"f297513\" data-element_type=\"container\" data-settings=\"{&quot;wcf_enable_cursor_hover_effect_text&quot;:&quot;View&quot;,&quot;wcf-animation&quot;:&quot;none&quot;,&quot;wcf_pin_breakpoint&quot;:&quot;mobile&quot;}\">\n\t\t\t\t<div class=\"elementor-element elementor-element-7667ffb elementor-widget__width-inherit elementor-widget elementor-widget-wcf--button\" data-id=\"7667ffb\" data-element_type=\"widget\" data-settings=\"{&quot;wcf-animation&quot;:&quot;fade&quot;,&quot;fade-from&quot;:&quot;bottom&quot;,&quot;data-duration&quot;:0.75,&quot;fade-offset&quot;:40,&quot;wcf_enable_bottom_top_scroll&quot;:&quot;yes&quot;,&quot;delay&quot;:0.15,&quot;ease&quot;:&quot;power2.out&quot;}\" data-widget_type=\"wcf--button.default\">\n\t\t\t\t<div class=\"elementor-widget-container\">\n\t\t\t\t\t        <div class=\"wcf__btn\">\r\n\t\t\t                <a href=\"#koncerty-festiwale\" class=\"wcf-btn-underline\">\r\n\t\t\t\t\t<svg aria-hidden=\"true\" class=\"e-font-icon-svg e-fas-caret-left\" viewBox=\"0 0 192 512\" xmlns=\"http:\/\/www.w3.org\/2000\/svg\"><path d=\"M192 127.338v257.324c0 17.818-21.543 26.741-34.142 14.142L29.196 270.142c-7.81-7.81-7.81-20.474 0-28.284l128.662-128.662c12.599-12.6 34.142-3.676 34.142 14.142z\"><\/path><\/svg>\t\t\t\t\tSzczeg\u00f3\u0142y                <\/a>\r\n\t\t\t\t        <\/div>\r\n\t\t\t\t\t\t<\/div>\n\t\t\t\t<\/div>\n\t\t\t\t<\/div>\n\t\t\t\t<\/div>\n\t\t\t\t\t<\/div>\n\t\t\t\t<\/div>\n\t\t<div class=\"elementor-element elementor-element-3fb6787 e-flex e-con-boxed e-con e-parent\" data-id=\"3fb6787\" data-element_type=\"container\" data-settings=\"{&quot;wcf_enable_cursor_hover_effect_text&quot;:&quot;View&quot;,&quot;wcf-animation&quot;:&quot;none&quot;,&quot;wcf_pin_breakpoint&quot;:&quot;mobile&quot;}\">\n\t\t\t\t\t<div class=\"e-con-inner\">\n\t\t<div class=\"elementor-element elementor-element-c4e8668 e-con-full e-flex e-con e-child\" data-id=\"c4e8668\" data-element_type=\"container\" data-settings=\"{&quot;wcf_enable_cursor_hover_effect_text&quot;:&quot;View&quot;,&quot;wcf-animation&quot;:&quot;none&quot;,&quot;wcf_pin_breakpoint&quot;:&quot;mobile&quot;}\">\n\t\t\t\t<div class=\"elementor-element elementor-element-f5b80c1 elementor-widget elementor-widget-menu-anchor\" data-id=\"f5b80c1\" data-element_type=\"widget\" data-settings=\"{&quot;wcf-animation&quot;:&quot;none&quot;}\" data-widget_type=\"menu-anchor.default\">\n\t\t\t\t<div class=\"elementor-widget-container\">\n\t\t\t\t\t\t\t<div class=\"elementor-menu-anchor\" id=\"koncerty-festiwale\"><\/div>\n\t\t\t\t\t\t<\/div>\n\t\t\t\t<\/div>\n\t\t\t\t<div class=\"elementor-element elementor-element-4ab10c1 wcf-t-animation-none elementor-widget elementor-widget-text-editor\" data-id=\"4ab10c1\" data-element_type=\"widget\" data-settings=\"{&quot;wcf_text_animation&quot;:&quot;none&quot;,&quot;wcf-animation&quot;:&quot;none&quot;}\" data-widget_type=\"text-editor.default\">\n\t\t\t\t<div class=\"elementor-widget-container\">\n\t\t\t\t\t\t\t\t\t<p>Organizacja koncertu i festiwalu to skomplikowane przedsi\u0119wzi\u0119cia wymagaj\u0105ce szczeg\u00f3\u0142owego planowania i koordynacji wielu element\u00f3w: od wyboru artyst\u00f3w, przez logistyk\u0119 i promocj\u0119, a\u017c po sam\u0105 realizacj\u0119 wydarzenia &#8211; ka\u017cdy krok ma kluczowe znaczenie dla sukcesu przedsi\u0119wzi\u0119cia.<\/p><p>Dobrze zorganizowane wydarzenia przynosz\u0105 ogromn\u0105 satysfakcj\u0119 zar\u00f3wno dla uczestnik\u00f3w, jak i organizator\u00f3w.<\/p><p>Oto dlaczego warto takie wydarzenie zrobi\u0107 z <span style=\"color: #ff0000;\"><strong>MoreThanGood<\/strong><\/span>:<\/p>\t\t\t\t\t\t\t\t<\/div>\n\t\t\t\t<\/div>\n\t\t\t\t<div class=\"elementor-element elementor-element-979acfb elementor-icon-list--layout-traditional elementor-list-item-link-full_width elementor-widget elementor-widget-icon-list\" data-id=\"979acfb\" data-element_type=\"widget\" data-settings=\"{&quot;wcf-animation&quot;:&quot;fade&quot;,&quot;fade-from&quot;:&quot;bottom&quot;,&quot;data-duration&quot;:0.75,&quot;fade-offset&quot;:40,&quot;delay&quot;:0.15,&quot;on-scroll&quot;:1,&quot;ease&quot;:&quot;power2.out&quot;}\" data-widget_type=\"icon-list.default\">\n\t\t\t\t<div class=\"elementor-widget-container\">\n\t\t\t\t\t\t\t<ul class=\"elementor-icon-list-items\">\n\t\t\t\t\t\t\t<li class=\"elementor-icon-list-item\">\n\t\t\t\t\t\t\t\t\t\t\t<span class=\"elementor-icon-list-icon\">\n\t\t\t\t\t\t\t<svg aria-hidden=\"true\" class=\"e-font-icon-svg e-fas-check\" viewBox=\"0 0 512 512\" xmlns=\"http:\/\/www.w3.org\/2000\/svg\"><path d=\"M173.898 439.404l-166.4-166.4c-9.997-9.997-9.997-26.206 0-36.204l36.203-36.204c9.997-9.998 26.207-9.998 36.204 0L192 312.69 432.095 72.596c9.997-9.997 26.207-9.997 36.204 0l36.203 36.204c9.997 9.997 9.997 26.206 0 36.204l-294.4 294.401c-9.998 9.997-26.207 9.997-36.204-.001z\"><\/path><\/svg>\t\t\t\t\t\t<\/span>\n\t\t\t\t\t\t\t\t\t\t<span class=\"elementor-icon-list-text\">Kontaktujemy si\u0119 z mened\u017cerem artysty, negocjujemy kontrakt, ustalimy line - up.<\/span>\n\t\t\t\t\t\t\t\t\t<\/li>\n\t\t\t\t\t\t\t\t<li class=\"elementor-icon-list-item\">\n\t\t\t\t\t\t\t\t\t\t\t<span class=\"elementor-icon-list-icon\">\n\t\t\t\t\t\t\t<svg aria-hidden=\"true\" class=\"e-font-icon-svg e-fas-check\" viewBox=\"0 0 512 512\" xmlns=\"http:\/\/www.w3.org\/2000\/svg\"><path d=\"M173.898 439.404l-166.4-166.4c-9.997-9.997-9.997-26.206 0-36.204l36.203-36.204c9.997-9.998 26.207-9.998 36.204 0L192 312.69 432.095 72.596c9.997-9.997 26.207-9.997 36.204 0l36.203 36.204c9.997 9.997 9.997 26.206 0 36.204l-294.4 294.401c-9.998 9.997-26.207 9.997-36.204-.001z\"><\/path><\/svg>\t\t\t\t\t\t<\/span>\n\t\t\t\t\t\t\t\t\t\t<span class=\"elementor-icon-list-text\">Znajdujemy odpowiednie miejsce i rezerwujemy terminy.<\/span>\n\t\t\t\t\t\t\t\t\t<\/li>\n\t\t\t\t\t\t\t\t<li class=\"elementor-icon-list-item\">\n\t\t\t\t\t\t\t\t\t\t\t<span class=\"elementor-icon-list-icon\">\n\t\t\t\t\t\t\t<svg aria-hidden=\"true\" class=\"e-font-icon-svg e-fas-check\" viewBox=\"0 0 512 512\" xmlns=\"http:\/\/www.w3.org\/2000\/svg\"><path d=\"M173.898 439.404l-166.4-166.4c-9.997-9.997-9.997-26.206 0-36.204l36.203-36.204c9.997-9.998 26.207-9.998 36.204 0L192 312.69 432.095 72.596c9.997-9.997 26.207-9.997 36.204 0l36.203 36.204c9.997 9.997 9.997 26.206 0 36.204l-294.4 294.401c-9.998 9.997-26.207 9.997-36.204-.001z\"><\/path><\/svg>\t\t\t\t\t\t<\/span>\n\t\t\t\t\t\t\t\t\t\t<span class=\"elementor-icon-list-text\">Opracowujemy bud\u017cet uwzgl\u0119dniaj\u0105cy koszty artysty, wynajmu miejsca, techniki, marketingu, ochrony i innych wydatk\u00f3w.<\/span>\n\t\t\t\t\t\t\t\t\t<\/li>\n\t\t\t\t\t\t\t\t<li class=\"elementor-icon-list-item\">\n\t\t\t\t\t\t\t\t\t\t\t<span class=\"elementor-icon-list-icon\">\n\t\t\t\t\t\t\t<svg aria-hidden=\"true\" class=\"e-font-icon-svg e-fas-check\" viewBox=\"0 0 512 512\" xmlns=\"http:\/\/www.w3.org\/2000\/svg\"><path d=\"M173.898 439.404l-166.4-166.4c-9.997-9.997-9.997-26.206 0-36.204l36.203-36.204c9.997-9.998 26.207-9.998 36.204 0L192 312.69 432.095 72.596c9.997-9.997 26.207-9.997 36.204 0l36.203 36.204c9.997 9.997 9.997 26.206 0 36.204l-294.4 294.401c-9.998 9.997-26.207 9.997-36.204-.001z\"><\/path><\/svg>\t\t\t\t\t\t<\/span>\n\t\t\t\t\t\t\t\t\t\t<span class=\"elementor-icon-list-text\">Organizujemy ca\u0142\u0105 logistyk\u0119 i zabezpieczymy ridery.<\/span>\n\t\t\t\t\t\t\t\t\t<\/li>\n\t\t\t\t\t\t\t\t<li class=\"elementor-icon-list-item\">\n\t\t\t\t\t\t\t\t\t\t\t<span class=\"elementor-icon-list-icon\">\n\t\t\t\t\t\t\t<svg aria-hidden=\"true\" class=\"e-font-icon-svg e-fas-check\" viewBox=\"0 0 512 512\" xmlns=\"http:\/\/www.w3.org\/2000\/svg\"><path d=\"M173.898 439.404l-166.4-166.4c-9.997-9.997-9.997-26.206 0-36.204l36.203-36.204c9.997-9.998 26.207-9.998 36.204 0L192 312.69 432.095 72.596c9.997-9.997 26.207-9.997 36.204 0l36.203 36.204c9.997 9.997 9.997 26.206 0 36.204l-294.4 294.401c-9.998 9.997-26.207 9.997-36.204-.001z\"><\/path><\/svg>\t\t\t\t\t\t<\/span>\n\t\t\t\t\t\t\t\t\t\t<span class=\"elementor-icon-list-text\">Planujemy kampani\u0119 marketingow\u0105, kupujemy media i zajmujemy si\u0119 sprzeda\u017c\u0105 bilet\u00f3w.<\/span>\n\t\t\t\t\t\t\t\t\t<\/li>\n\t\t\t\t\t\t\t\t<li class=\"elementor-icon-list-item\">\n\t\t\t\t\t\t\t\t\t\t\t<span class=\"elementor-icon-list-icon\">\n\t\t\t\t\t\t\t<svg aria-hidden=\"true\" class=\"e-font-icon-svg e-fas-check\" viewBox=\"0 0 512 512\" xmlns=\"http:\/\/www.w3.org\/2000\/svg\"><path d=\"M173.898 439.404l-166.4-166.4c-9.997-9.997-9.997-26.206 0-36.204l36.203-36.204c9.997-9.998 26.207-9.998 36.204 0L192 312.69 432.095 72.596c9.997-9.997 26.207-9.997 36.204 0l36.203 36.204c9.997 9.997 9.997 26.206 0 36.204l-294.4 294.401c-9.998 9.997-26.207 9.997-36.204-.001z\"><\/path><\/svg>\t\t\t\t\t\t<\/span>\n\t\t\t\t\t\t\t\t\t\t<span class=\"elementor-icon-list-text\">Przygotowujemy miejsce, dopilnowujemy monta\u017cu sceny i sprz\u0119tu, przygotowujemy backstage i koordynujemy zarz\u0105dzanie zespo\u0142em.<\/span>\n\t\t\t\t\t\t\t\t\t<\/li>\n\t\t\t\t\t\t\t\t<li class=\"elementor-icon-list-item\">\n\t\t\t\t\t\t\t\t\t\t\t<span class=\"elementor-icon-list-icon\">\n\t\t\t\t\t\t\t<svg aria-hidden=\"true\" class=\"e-font-icon-svg e-fas-check\" viewBox=\"0 0 512 512\" xmlns=\"http:\/\/www.w3.org\/2000\/svg\"><path d=\"M173.898 439.404l-166.4-166.4c-9.997-9.997-9.997-26.206 0-36.204l36.203-36.204c9.997-9.998 26.207-9.998 36.204 0L192 312.69 432.095 72.596c9.997-9.997 26.207-9.997 36.204 0l36.203 36.204c9.997 9.997 9.997 26.206 0 36.204l-294.4 294.401c-9.998 9.997-26.207 9.997-36.204-.001z\"><\/path><\/svg>\t\t\t\t\t\t<\/span>\n\t\t\t\t\t\t\t\t\t\t<span class=\"elementor-icon-list-text\">Monitorujemy harmonogram, rozwi\u0105zujemy ewentualne problemy na bie\u017c\u0105co.<\/span>\n\t\t\t\t\t\t\t\t\t<\/li>\n\t\t\t\t\t\t<\/ul>\n\t\t\t\t\t\t<\/div>\n\t\t\t\t<\/div>\n\t\t\t\t<div class=\"elementor-element elementor-element-8ad475b elementor-widget elementor-widget-wcf--binox-button\" data-id=\"8ad475b\" data-element_type=\"widget\" data-settings=\"{&quot;wcf-animation&quot;:&quot;fade&quot;,&quot;fade-from&quot;:&quot;bottom&quot;,&quot;data-duration&quot;:0.75,&quot;fade-offset&quot;:40,&quot;delay&quot;:0.15,&quot;on-scroll&quot;:1,&quot;ease&quot;:&quot;power2.out&quot;}\" data-widget_type=\"wcf--binox-button.default\">\n\t\t\t\t<div class=\"elementor-widget-container\">\n\t\t\t\t\t        <div class=\"wc-btn-wrapper style-3\">\r\n\t\t\t                <a href=\"https:\/\/morethangood.pl\/wordpress\/kontakt\/\" class=\"wc-btn-primary btn-text-flip\">\r\n                    <span data-text=\"Kontakt\">\r\n                        Kontakt                    <\/span>\r\n\t                <svg aria-hidden=\"true\" class=\"e-font-icon-svg e-fas-caret-right\" viewBox=\"0 0 192 512\" xmlns=\"http:\/\/www.w3.org\/2000\/svg\"><path d=\"M0 384.662V127.338c0-17.818 21.543-26.741 34.142-14.142l128.662 128.662c7.81 7.81 7.81 20.474 0 28.284L34.142 398.804C21.543 411.404 0 402.48 0 384.662z\"><\/path><\/svg>                <\/a>\r\n\t\t\t        <\/div>\r\n\t\t\t\t\t\t<\/div>\n\t\t\t\t<\/div>\n\t\t\t\t<\/div>\n\t\t<div class=\"elementor-element elementor-element-096b35e e-con-full e-flex e-con e-child\" data-id=\"096b35e\" data-element_type=\"container\" data-settings=\"{&quot;wcf_enable_cursor_hover_effect_text&quot;:&quot;View&quot;,&quot;wcf-animation&quot;:&quot;none&quot;,&quot;wcf_pin_breakpoint&quot;:&quot;mobile&quot;}\">\n\t\t\t\t<div class=\"elementor-element elementor-element-6001ddb elementor-widget elementor-widget-wcf--image\" data-id=\"6001ddb\" data-element_type=\"widget\" data-settings=\"{&quot;wcf-animation&quot;:&quot;fade&quot;,&quot;fade-from&quot;:&quot;bottom&quot;,&quot;data-duration&quot;:0.75,&quot;fade-offset&quot;:20,&quot;wcf-image-animation&quot;:&quot;none&quot;,&quot;delay&quot;:0.15,&quot;on-scroll&quot;:1,&quot;ease&quot;:&quot;power2.out&quot;}\" data-widget_type=\"wcf--image.default\">\n\t\t\t\t<div class=\"elementor-widget-container\">\n\t\t\t\t\t\t\t<div class=\"wcf--image\">\r\n\t\t\t<img fetchpriority=\"high\" decoding=\"async\" width=\"1200\" height=\"800\" src=\"https:\/\/morethangood.pl\/wordpress\/wp-content\/uploads\/2024\/08\/koncerty-festiwale-more-than-good.jpg\" class=\"attachment-full size-full wp-image-16962\" alt=\"\" srcset=\"https:\/\/morethangood.pl\/wordpress\/wp-content\/uploads\/2024\/08\/koncerty-festiwale-more-than-good.jpg 1200w, https:\/\/morethangood.pl\/wordpress\/wp-content\/uploads\/2024\/08\/koncerty-festiwale-more-than-good-300x200.jpg 300w, https:\/\/morethangood.pl\/wordpress\/wp-content\/uploads\/2024\/08\/koncerty-festiwale-more-than-good-1024x683.jpg 1024w, https:\/\/morethangood.pl\/wordpress\/wp-content\/uploads\/2024\/08\/koncerty-festiwale-more-than-good-768x512.jpg 768w\" sizes=\"(max-width: 1200px) 100vw, 1200px\" \/>\t\t<\/div>\r\n\t\t\t\t\t\t<\/div>\n\t\t\t\t<\/div>\n\t\t\t\t<\/div>\n\t\t\t\t\t<\/div>\n\t\t\t\t<\/div>\n\t\t\t\t<\/div>\n\t\t","protected":false},"excerpt":{"rendered":"<p>Koncerty i festiwale Szczeg\u00f3\u0142y Organizacja koncertu i festiwalu to skomplikowane przedsi\u0119wzi\u0119cia wymagaj\u0105ce szczeg\u00f3\u0142owego planowania i koordynacji wielu element\u00f3w: od wyboru artyst\u00f3w, przez logistyk\u0119 i promocj\u0119, a\u017c po sam\u0105 realizacj\u0119 wydarzenia &#8211; ka\u017cdy krok ma kluczowe znaczenie dla sukcesu przedsi\u0119wzi\u0119cia. Dobrze zorganizowane wydarzenia przynosz\u0105 ogromn\u0105 satysfakcj\u0119 zar\u00f3wno dla uczestnik\u00f3w, jak i organizator\u00f3w. Oto dlaczego warto takie [&hellip;]<\/p>\n","protected":false},"author":1,"featured_media":0,"parent":674,"menu_order":2,"comment_status":"closed","ping_status":"closed","template":"elementor_header_footer","meta":{"footnotes":""},"class_list":["post-16071","page","type-page","status-publish","hentry"],"yoast_head":"<!-- This site is optimized with the Yoast SEO plugin v24.1 - https:\/\/yoast.com\/wordpress\/plugins\/seo\/ -->\n<title>Koncerty i festiwale | MoreThanGood<\/title>\n<meta name=\"robots\" content=\"noindex, follow, max-snippet:-1, max-image-preview:large, max-video-preview:-1\" \/>\n<meta property=\"og:locale\" content=\"pl_PL\" \/>\n<meta property=\"og:type\" content=\"article\" \/>\n<meta property=\"og:title\" content=\"Koncerty i festiwale | MoreThanGood\" \/>\n<meta property=\"og:description\" content=\"Koncerty i festiwale Szczeg\u00f3\u0142y Organizacja koncertu i festiwalu to skomplikowane przedsi\u0119wzi\u0119cia wymagaj\u0105ce szczeg\u00f3\u0142owego planowania i koordynacji wielu element\u00f3w: od wyboru artyst\u00f3w, przez logistyk\u0119 i promocj\u0119, a\u017c po sam\u0105 realizacj\u0119 wydarzenia &#8211; ka\u017cdy krok ma kluczowe znaczenie dla sukcesu przedsi\u0119wzi\u0119cia. Dobrze zorganizowane wydarzenia przynosz\u0105 ogromn\u0105 satysfakcj\u0119 zar\u00f3wno dla uczestnik\u00f3w, jak i organizator\u00f3w. Oto dlaczego warto takie [&hellip;]\" \/>\n<meta property=\"og:url\" content=\"https:\/\/morethangood.pl\/wordpress\/uslugi\/koncerty-festiwale\/\" \/>\n<meta property=\"og:site_name\" content=\"MoreThanGood\" \/>\n<meta property=\"article:modified_time\" content=\"2025-01-06T17:52:44+00:00\" \/>\n<meta property=\"og:image\" content=\"https:\/\/morethangood.pl\/wordpress\/wp-content\/uploads\/2024\/08\/koncerty-festiwale-more-than-good.jpg\" \/>\n\t<meta property=\"og:image:width\" content=\"1200\" \/>\n\t<meta property=\"og:image:height\" content=\"800\" \/>\n\t<meta property=\"og:image:type\" content=\"image\/jpeg\" \/>\n<script type=\"application\/ld+json\" class=\"yoast-schema-graph\">{\"@context\":\"https:\/\/schema.org\",\"@graph\":[{\"@type\":\"WebPage\",\"@id\":\"https:\/\/morethangood.pl\/wordpress\/uslugi\/koncerty-festiwale\/\",\"url\":\"https:\/\/morethangood.pl\/wordpress\/uslugi\/koncerty-festiwale\/\",\"name\":\"Koncerty i festiwale | MoreThanGood\",\"isPartOf\":{\"@id\":\"https:\/\/morethangood.pl\/wordpress\/#website\"},\"primaryImageOfPage\":{\"@id\":\"https:\/\/morethangood.pl\/wordpress\/uslugi\/koncerty-festiwale\/#primaryimage\"},\"image\":{\"@id\":\"https:\/\/morethangood.pl\/wordpress\/uslugi\/koncerty-festiwale\/#primaryimage\"},\"thumbnailUrl\":\"https:\/\/morethangood.pl\/wordpress\/wp-content\/uploads\/2024\/08\/koncerty-festiwale-more-than-good.jpg\",\"datePublished\":\"2024-07-22T18:59:41+00:00\",\"dateModified\":\"2025-01-06T17:52:44+00:00\",\"breadcrumb\":{\"@id\":\"https:\/\/morethangood.pl\/wordpress\/uslugi\/koncerty-festiwale\/#breadcrumb\"},\"inLanguage\":\"pl-PL\",\"potentialAction\":[{\"@type\":\"ReadAction\",\"target\":[\"https:\/\/morethangood.pl\/wordpress\/uslugi\/koncerty-festiwale\/\"]}]},{\"@type\":\"ImageObject\",\"inLanguage\":\"pl-PL\",\"@id\":\"https:\/\/morethangood.pl\/wordpress\/uslugi\/koncerty-festiwale\/#primaryimage\",\"url\":\"https:\/\/morethangood.pl\/wordpress\/wp-content\/uploads\/2024\/08\/koncerty-festiwale-more-than-good.jpg\",\"contentUrl\":\"https:\/\/morethangood.pl\/wordpress\/wp-content\/uploads\/2024\/08\/koncerty-festiwale-more-than-good.jpg\",\"width\":1200,\"height\":800},{\"@type\":\"BreadcrumbList\",\"@id\":\"https:\/\/morethangood.pl\/wordpress\/uslugi\/koncerty-festiwale\/#breadcrumb\",\"itemListElement\":[{\"@type\":\"ListItem\",\"position\":1,\"name\":\"Strona g\u0142\u00f3wna\",\"item\":\"https:\/\/morethangood.pl\/wordpress\/\"},{\"@type\":\"ListItem\",\"position\":2,\"name\":\"Us\u0142ugi\",\"item\":\"https:\/\/morethangood.pl\/wordpress\/uslugi\/\"},{\"@type\":\"ListItem\",\"position\":3,\"name\":\"Koncerty i festiwale\"}]},{\"@type\":\"WebSite\",\"@id\":\"https:\/\/morethangood.pl\/wordpress\/#website\",\"url\":\"https:\/\/morethangood.pl\/wordpress\/\",\"name\":\"MoreThanGood\",\"description\":\"\",\"publisher\":{\"@id\":\"https:\/\/morethangood.pl\/wordpress\/#organization\"},\"potentialAction\":[{\"@type\":\"SearchAction\",\"target\":{\"@type\":\"EntryPoint\",\"urlTemplate\":\"https:\/\/morethangood.pl\/wordpress\/?s={search_term_string}\"},\"query-input\":{\"@type\":\"PropertyValueSpecification\",\"valueRequired\":true,\"valueName\":\"search_term_string\"}}],\"inLanguage\":\"pl-PL\"},{\"@type\":\"Organization\",\"@id\":\"https:\/\/morethangood.pl\/wordpress\/#organization\",\"name\":\"MoreThanGood\",\"url\":\"https:\/\/morethangood.pl\/wordpress\/\",\"logo\":{\"@type\":\"ImageObject\",\"inLanguage\":\"pl-PL\",\"@id\":\"https:\/\/morethangood.pl\/wordpress\/#\/schema\/logo\/image\/\",\"url\":\"https:\/\/morethangood.pl\/wordpress\/wp-content\/uploads\/2024\/05\/site-logo.svg\",\"contentUrl\":\"https:\/\/morethangood.pl\/wordpress\/wp-content\/uploads\/2024\/05\/site-logo.svg\",\"width\":31,\"height\":26,\"caption\":\"MoreThanGood\"},\"image\":{\"@id\":\"https:\/\/morethangood.pl\/wordpress\/#\/schema\/logo\/image\/\"}}]}<\/script>\n<!-- \/ Yoast SEO plugin. -->","yoast_head_json":{"title":"Koncerty i festiwale | MoreThanGood","robots":{"index":"noindex","follow":"follow","max-snippet":"max-snippet:-1","max-image-preview":"max-image-preview:large","max-video-preview":"max-video-preview:-1"},"og_locale":"pl_PL","og_type":"article","og_title":"Koncerty i festiwale | MoreThanGood","og_description":"Koncerty i festiwale Szczeg\u00f3\u0142y Organizacja koncertu i festiwalu to skomplikowane przedsi\u0119wzi\u0119cia wymagaj\u0105ce szczeg\u00f3\u0142owego planowania i koordynacji wielu element\u00f3w: od wyboru artyst\u00f3w, przez logistyk\u0119 i promocj\u0119, a\u017c po sam\u0105 realizacj\u0119 wydarzenia &#8211; ka\u017cdy krok ma kluczowe znaczenie dla sukcesu przedsi\u0119wzi\u0119cia. Dobrze zorganizowane wydarzenia przynosz\u0105 ogromn\u0105 satysfakcj\u0119 zar\u00f3wno dla uczestnik\u00f3w, jak i organizator\u00f3w. Oto dlaczego warto takie [&hellip;]","og_url":"https:\/\/morethangood.pl\/wordpress\/uslugi\/koncerty-festiwale\/","og_site_name":"MoreThanGood","article_modified_time":"2025-01-06T17:52:44+00:00","og_image":[{"width":1200,"height":800,"url":"https:\/\/morethangood.pl\/wordpress\/wp-content\/uploads\/2024\/08\/koncerty-festiwale-more-than-good.jpg","type":"image\/jpeg"}],"schema":{"@context":"https:\/\/schema.org","@graph":[{"@type":"WebPage","@id":"https:\/\/morethangood.pl\/wordpress\/uslugi\/koncerty-festiwale\/","url":"https:\/\/morethangood.pl\/wordpress\/uslugi\/koncerty-festiwale\/","name":"Koncerty i festiwale | MoreThanGood","isPartOf":{"@id":"https:\/\/morethangood.pl\/wordpress\/#website"},"primaryImageOfPage":{"@id":"https:\/\/morethangood.pl\/wordpress\/uslugi\/koncerty-festiwale\/#primaryimage"},"image":{"@id":"https:\/\/morethangood.pl\/wordpress\/uslugi\/koncerty-festiwale\/#primaryimage"},"thumbnailUrl":"https:\/\/morethangood.pl\/wordpress\/wp-content\/uploads\/2024\/08\/koncerty-festiwale-more-than-good.jpg","datePublished":"2024-07-22T18:59:41+00:00","dateModified":"2025-01-06T17:52:44+00:00","breadcrumb":{"@id":"https:\/\/morethangood.pl\/wordpress\/uslugi\/koncerty-festiwale\/#breadcrumb"},"inLanguage":"pl-PL","potentialAction":[{"@type":"ReadAction","target":["https:\/\/morethangood.pl\/wordpress\/uslugi\/koncerty-festiwale\/"]}]},{"@type":"ImageObject","inLanguage":"pl-PL","@id":"https:\/\/morethangood.pl\/wordpress\/uslugi\/koncerty-festiwale\/#primaryimage","url":"https:\/\/morethangood.pl\/wordpress\/wp-content\/uploads\/2024\/08\/koncerty-festiwale-more-than-good.jpg","contentUrl":"https:\/\/morethangood.pl\/wordpress\/wp-content\/uploads\/2024\/08\/koncerty-festiwale-more-than-good.jpg","width":1200,"height":800},{"@type":"BreadcrumbList","@id":"https:\/\/morethangood.pl\/wordpress\/uslugi\/koncerty-festiwale\/#breadcrumb","itemListElement":[{"@type":"ListItem","position":1,"name":"Strona g\u0142\u00f3wna","item":"https:\/\/morethangood.pl\/wordpress\/"},{"@type":"ListItem","position":2,"name":"Us\u0142ugi","item":"https:\/\/morethangood.pl\/wordpress\/uslugi\/"},{"@type":"ListItem","position":3,"name":"Koncerty i festiwale"}]},{"@type":"WebSite","@id":"https:\/\/morethangood.pl\/wordpress\/#website","url":"https:\/\/morethangood.pl\/wordpress\/","name":"MoreThanGood","description":"","publisher":{"@id":"https:\/\/morethangood.pl\/wordpress\/#organization"},"potentialAction":[{"@type":"SearchAction","target":{"@type":"EntryPoint","urlTemplate":"https:\/\/morethangood.pl\/wordpress\/?s={search_term_string}"},"query-input":{"@type":"PropertyValueSpecification","valueRequired":true,"valueName":"search_term_string"}}],"inLanguage":"pl-PL"},{"@type":"Organization","@id":"https:\/\/morethangood.pl\/wordpress\/#organization","name":"MoreThanGood","url":"https:\/\/morethangood.pl\/wordpress\/","logo":{"@type":"ImageObject","inLanguage":"pl-PL","@id":"https:\/\/morethangood.pl\/wordpress\/#\/schema\/logo\/image\/","url":"https:\/\/morethangood.pl\/wordpress\/wp-content\/uploads\/2024\/05\/site-logo.svg","contentUrl":"https:\/\/morethangood.pl\/wordpress\/wp-content\/uploads\/2024\/05\/site-logo.svg","width":31,"height":26,"caption":"MoreThanGood"},"image":{"@id":"https:\/\/morethangood.pl\/wordpress\/#\/schema\/logo\/image\/"}}]}},"_links":{"self":[{"href":"https:\/\/morethangood.pl\/wordpress\/wp-json\/wp\/v2\/pages\/16071","targetHints":{"allow":["GET"]}}],"collection":[{"href":"https:\/\/morethangood.pl\/wordpress\/wp-json\/wp\/v2\/pages"}],"about":[{"href":"https:\/\/morethangood.pl\/wordpress\/wp-json\/wp\/v2\/types\/page"}],"author":[{"embeddable":true,"href":"https:\/\/morethangood.pl\/wordpress\/wp-json\/wp\/v2\/users\/1"}],"replies":[{"embeddable":true,"href":"https:\/\/morethangood.pl\/wordpress\/wp-json\/wp\/v2\/comments?post=16071"}],"version-history":[{"count":0,"href":"https:\/\/morethangood.pl\/wordpress\/wp-json\/wp\/v2\/pages\/16071\/revisions"}],"up":[{"embeddable":true,"href":"https:\/\/morethangood.pl\/wordpress\/wp-json\/wp\/v2\/pages\/674"}],"wp:attachment":[{"href":"https:\/\/morethangood.pl\/wordpress\/wp-json\/wp\/v2\/media?parent=16071"}],"curies":[{"name":"wp","href":"https:\/\/api.w.org\/{rel}","templated":true}]}}